{"id":4281,"date":"2025-03-28T14:35:33","date_gmt":"2025-03-28T14:35:33","guid":{"rendered":"https:\/\/idealearning.eu\/?page_id=4281"},"modified":"2025-04-01T15:08:21","modified_gmt":"2025-04-01T15:08:21","slug":"metodologicky-model-r2","status":"publish","type":"page","link":"https:\/\/idealearning.eu\/cs\/metodologicky-model-r2\/","title":{"rendered":"Metodologick\u00fd model (R2)"},"content":{"rendered":"<div class=\"fusion-fullwidth fullwidth-box fusion-builder-row-1 fusion-flex-container nonhundred-percent-fullwidth non-hundred-percent-height-scrolling\" style=\"--awb-border-radius-top-left:0px;--awb-border-radius-top-right:0px;--awb-border-radius-bottom-right:0px;--awb-border-radius-bottom-left:0px;--awb-background-color:var(--awb-color2);--awb-flex-wrap:wrap;\" ><div class=\"fusion-builder-row fusion-row fusion-flex-align-items-flex-start fusion-flex-content-wrap\" style=\"max-width:1216.8px;margin-left: calc(-4% \/ 2 );margin-right: calc(-4% \/ 2 );\"><div class=\"fusion-layout-column fusion_builder_column fusion-builder-column-0 fusion_builder_column_1_1 1_1 fusion-flex-column\" style=\"--awb-padding-top:40px;--awb-padding-bottom:40px;--awb-padding-top-medium:30px;--awb-padding-bottom-medium:30px;--awb-padding-top-small:20px;--awb-padding-bottom-small:20px;--awb-bg-blend:overlay;--awb-bg-size:cover;--awb-width-large:100%;--awb-margin-top-large:0px;--awb-spacing-right-large:1.92%;--awb-margin-bottom-large:0px;--awb-spacing-left-large:1.92%;--awb-width-medium:100%;--awb-order-medium:0;--awb-spacing-right-medium:1.92%;--awb-spacing-left-medium:1.92%;--awb-width-small:100%;--awb-order-small:0;--awb-spacing-right-small:1.92%;--awb-spacing-left-small:1.92%;\" data-scroll-devices=\"small-visibility,medium-visibility,large-visibility\"><div class=\"fusion-column-wrapper fusion-column-has-shadow fusion-flex-justify-content-flex-start fusion-content-layout-column\"><div class=\"fusion-content-boxes content-boxes columns row fusion-columns-1 fusion-columns-total-1 fusion-content-boxes-1 content-boxes-icon-with-title content-left\" style=\"--awb-title-color:var(--awb-color6);--awb-hover-accent-color:var(--awb-color5);--awb-circle-hover-accent-color:transparent;--awb-item-margin-bottom:40px;\" data-animationOffset=\"top-into-view\"><div style=\"--awb-backgroundcolor:var(--awb-color3);--awb-iconcolor:#268fef;\" class=\"fusion-column content-box-column content-box-column content-box-column-1 col-lg-12 col-md-12 col-sm-12 fusion-content-box-hover content-box-column-last content-box-column-last-in-row\"><div class=\"col content-box-wrapper content-wrapper-background link-area-link-icon icon-hover-animation-slide\" data-animationOffset=\"top-into-view\"><div class=\"heading icon-left\"><h2 class=\"content-box-heading fusion-responsive-typography-calculated\" style=\"--h2_typography-font-size:18px;--fontSize:18;line-height:var(--awb-typography1-line-height);\">Metodologick\u00fd r\u00e1mecMethodology Framework<\/h2><\/div><div class=\"fusion-clearfix\"><\/div><div class=\"content-container\">\n<p><span style=\"color: #333333; font-size: 17px;\">Tento zdroj v\u00e1m pom\u016f\u017ee z\u00edskat maximum z na\u0161\u00ed platformy, navr\u017een\u00e9 tak, aby podporovalo autistick\u00e9 jedince, jejich rodiny a odborn\u00edky.<br \/>IDEAL Connect nab\u00edz\u00ed jedine\u010dn\u00fd zp\u016fsob, jak podporovat samostatn\u00e9 u\u010den\u00ed a osobn\u00ed r\u016fst. <\/span><\/p>\n<\/div><\/div><\/div><div class=\"fusion-clearfix\"><\/div><\/div><div style=\"text-align:center;\"><a class=\"fusion-button button-flat fusion-button-default-size button-default fusion-button-default button-1 fusion-button-default-span fusion-button-default-type\" target=\"_blank\" rel=\"noopener noreferrer\" href=\"http:\/\/idealearning.eu\/wp-content\/uploads\/2025\/04\/IDEAL-CONNECT_Methodology-framework_CZ_compressed.pdf\"><span class=\"fusion-button-text\">St\u00e1hn\u011bte si metodologick\u00fd model (R2)<\/span><\/a><\/div><\/div><\/div><\/div><\/div>\n","protected":false},"excerpt":{"rendered":"","protected":false},"author":2,"featured_media":0,"parent":0,"menu_order":0,"comment_status":"closed","ping_status":"closed","template":"100-width.php","meta":{"footnotes":""},"class_list":["post-4281","page","type-page","status-publish","hentry"],"_links":{"self":[{"href":"https:\/\/idealearning.eu\/cs\/wp-json\/wp\/v2\/pages\/4281","targetHints":{"allow":["GET"]}}],"collection":[{"href":"https:\/\/idealearning.eu\/cs\/wp-json\/wp\/v2\/pages"}],"about":[{"href":"https:\/\/idealearning.eu\/cs\/wp-json\/wp\/v2\/types\/page"}],"author":[{"embeddable":true,"href":"https:\/\/idealearning.eu\/cs\/wp-json\/wp\/v2\/users\/2"}],"replies":[{"embeddable":true,"href":"https:\/\/idealearning.eu\/cs\/wp-json\/wp\/v2\/comments?post=4281"}],"version-history":[{"count":5,"href":"https:\/\/idealearning.eu\/cs\/wp-json\/wp\/v2\/pages\/4281\/revisions"}],"predecessor-version":[{"id":4286,"href":"https:\/\/idealearning.eu\/cs\/wp-json\/wp\/v2\/pages\/4281\/revisions\/4286"}],"wp:attachment":[{"href":"https:\/\/idealearning.eu\/cs\/wp-json\/wp\/v2\/media?parent=4281"}],"curies":[{"name":"wp","href":"https:\/\/api.w.org\/{rel}","templated":true}]}}