{"id":3674,"date":"2022-09-21T10:13:43","date_gmt":"2022-09-21T10:13:43","guid":{"rendered":"https:\/\/idealearning.eu\/el-proyecto\/"},"modified":"2024-06-03T08:13:46","modified_gmt":"2024-06-03T08:13:46","slug":"el-proyecto","status":"publish","type":"page","link":"https:\/\/idealearning.eu\/es\/el-proyecto\/","title":{"rendered":"El proyecto"},"content":{"rendered":"<div class=\"fusion-fullwidth fullwidth-box fusion-builder-row-1 fusion-flex-container nonhundred-percent-fullwidth non-hundred-percent-height-scrolling\" style=\"--awb-border-radius-top-left:0px;--awb-border-radius-top-right:0px;--awb-border-radius-bottom-right:0px;--awb-border-radius-bottom-left:0px;--awb-background-color:var(--awb-color2);--awb-flex-wrap:wrap;\" ><div class=\"fusion-builder-row fusion-row fusion-flex-align-items-flex-start fusion-flex-content-wrap\" style=\"max-width:1216.8px;margin-left: calc(-4% \/ 2 );margin-right: calc(-4% \/ 2 );\"><div class=\"fusion-layout-column fusion_builder_column fusion-builder-column-0 fusion_builder_column_1_1 1_1 fusion-flex-column\" style=\"--awb-bg-size:cover;--awb-width-large:100%;--awb-margin-top-large:0px;--awb-spacing-right-large:1.92%;--awb-margin-bottom-large:0px;--awb-spacing-left-large:1.92%;--awb-width-medium:100%;--awb-spacing-right-medium:1.92%;--awb-spacing-left-medium:1.92%;--awb-width-small:100%;--awb-spacing-right-small:1.92%;--awb-spacing-left-small:1.92%;\"><div class=\"fusion-column-wrapper fusion-flex-justify-content-flex-start fusion-content-layout-column\"><div class=\"fusion-text fusion-text-1\"><\/p>\n<div class=\"wp-block-genesis-blocks-gb-container gb-block-container\">\n<div class=\"gb-container-inside\">\n<div class=\"gb-container-content\">\n<h2 class=\"wp-block-heading\">El proyecto.<\/h2>\n<\/p>\n<div class=\"wp-block-genesis-blocks-gb-container gb-block-container\" style=\"background-color: #5396f2;\">\n<div class=\"gb-container-inside\">\n<div class=\"gb-container-content\">\n<p style=\"padding-left: 40px;\"><strong style=\"color: var(--awb-text-color); font-family: var(--awb-text-font-family); font-size: var(--awb-font-size); font-style: var(--awb-text-font-style); letter-spacing: var(--awb-letter-spacing); text-align: var(--awb-content-alignment); text-transform: var(--awb-text-transform);\"><mark class=\"has-inline-color\" style=\"color: #fdfdfd;\">El objetivo de este proyecto es permitir el acceso a las tecnolog\u00edas digitales a personas autistas con diferentes necesidades de apoyo, abordando una brecha digital ya existente que se ha visto agravada por la pandemia del COVID-19 y sus bloqueos.<\/mark><\/strong><\/p>\n<\/p>\n<\/div>\n<\/div>\n<\/div>\n<\/div>\n<\/div>\n<\/div>\n<p><p>La pandemia y los posteriores cierres han resaltado <strong style=\"color: var(--awb-color5);\">las dificultades de acceso a las tecnolog\u00edas digitales para los autistas, especialmente para aquellos con discapacidad intelectual.<\/strong> Mientras que algunos usuarios han podido beneficiarse de formaci\u00f3n, aprendizaje en l\u00ednea, atenci\u00f3n, apoyo y asistencia en l\u00ednea, los que no tienen acceso a las tecnolog\u00edas digitales se han visto a\u00fan m\u00e1s aislados y desconectados de sus centros educativos y asistenciales, as\u00ed como de sus proveedores de servicios. Como consecuencia, la educaci\u00f3n y la formaci\u00f3n de las personas autistas se han visto afectadas negativamente, lo que se ha traducido en una menor calidad de vida y desarrollo personal para los autistas y sus familias, que se han quedado sin apoyo durante este periodo.<\/p>\n<p>La inaccesibilidad de ciertas tecnolog\u00edas digitales para algunos se basa en que las propias herramientas son poco accesibles, en la falta de formaci\u00f3n (de profesores, personas con discapacidad y sus familias), en metodolog\u00edas mal adaptadas y en la falta de recursos tecnol\u00f3gicos. M\u00e1s concretamente, las herramientas digitales est\u00e1n dise\u00f1adas para la poblaci\u00f3n en general, sin tener en cuenta las necesidades de accesibilidad de las personas autistas. <b style=\"color: var(--awb-color5);\">Es necesario adaptar las herramientas digitales desde la perspectiva cognitiva,<\/b> incorporando materiales de lectura f\u00e1cil, pictogramas y recursos gr\u00e1ficos.<\/p><\/p>\n<\/div><\/div><\/div><\/div><\/div>\n","protected":false},"excerpt":{"rendered":"","protected":false},"author":2,"featured_media":0,"parent":0,"menu_order":0,"comment_status":"closed","ping_status":"closed","template":"100-width.php","meta":{"footnotes":""},"class_list":["post-3674","page","type-page","status-publish","hentry"],"_links":{"self":[{"href":"https:\/\/idealearning.eu\/es\/wp-json\/wp\/v2\/pages\/3674","targetHints":{"allow":["GET"]}}],"collection":[{"href":"https:\/\/idealearning.eu\/es\/wp-json\/wp\/v2\/pages"}],"about":[{"href":"https:\/\/idealearning.eu\/es\/wp-json\/wp\/v2\/types\/page"}],"author":[{"embeddable":true,"href":"https:\/\/idealearning.eu\/es\/wp-json\/wp\/v2\/users\/2"}],"replies":[{"embeddable":true,"href":"https:\/\/idealearning.eu\/es\/wp-json\/wp\/v2\/comments?post=3674"}],"version-history":[{"count":1,"href":"https:\/\/idealearning.eu\/es\/wp-json\/wp\/v2\/pages\/3674\/revisions"}],"predecessor-version":[{"id":3675,"href":"https:\/\/idealearning.eu\/es\/wp-json\/wp\/v2\/pages\/3674\/revisions\/3675"}],"wp:attachment":[{"href":"https:\/\/idealearning.eu\/es\/wp-json\/wp\/v2\/media?parent=3674"}],"curies":[{"name":"wp","href":"https:\/\/api.w.org\/{rel}","templated":true}]}}