{"id":4292,"date":"2025-03-28T14:35:33","date_gmt":"2025-03-28T14:35:33","guid":{"rendered":"https:\/\/idealearning.eu\/modele-methodologique-r2\/"},"modified":"2025-04-01T16:05:00","modified_gmt":"2025-04-01T16:05:00","slug":"modele-methodologique-r2","status":"publish","type":"page","link":"https:\/\/idealearning.eu\/fr\/modele-methodologique-r2\/","title":{"rendered":"Mod\u00e8le m\u00e9thodologique (R2)"},"content":{"rendered":"<div class=\"fusion-fullwidth fullwidth-box fusion-builder-row-1 fusion-flex-container nonhundred-percent-fullwidth non-hundred-percent-height-scrolling\" style=\"--awb-border-radius-top-left:0px;--awb-border-radius-top-right:0px;--awb-border-radius-bottom-right:0px;--awb-border-radius-bottom-left:0px;--awb-background-color:var(--awb-color2);--awb-flex-wrap:wrap;\" ><div class=\"fusion-builder-row fusion-row fusion-flex-align-items-flex-start fusion-flex-content-wrap\" style=\"max-width:1216.8px;margin-left: calc(-4% \/ 2 );margin-right: calc(-4% \/ 2 );\"><div class=\"fusion-layout-column fusion_builder_column fusion-builder-column-0 fusion_builder_column_1_1 1_1 fusion-flex-column\" style=\"--awb-padding-top:40px;--awb-padding-bottom:40px;--awb-padding-top-medium:30px;--awb-padding-bottom-medium:30px;--awb-padding-top-small:20px;--awb-padding-bottom-small:20px;--awb-bg-blend:overlay;--awb-bg-size:cover;--awb-width-large:100%;--awb-margin-top-large:0px;--awb-spacing-right-large:1.92%;--awb-margin-bottom-large:0px;--awb-spacing-left-large:1.92%;--awb-width-medium:100%;--awb-order-medium:0;--awb-spacing-right-medium:1.92%;--awb-spacing-left-medium:1.92%;--awb-width-small:100%;--awb-order-small:0;--awb-spacing-right-small:1.92%;--awb-spacing-left-small:1.92%;\" data-scroll-devices=\"small-visibility,medium-visibility,large-visibility\"><div class=\"fusion-column-wrapper fusion-column-has-shadow fusion-flex-justify-content-flex-start fusion-content-layout-column\"><div class=\"fusion-content-boxes content-boxes columns row fusion-columns-1 fusion-columns-total-1 fusion-content-boxes-1 content-boxes-icon-with-title content-left\" style=\"--awb-title-color:var(--awb-color6);--awb-hover-accent-color:var(--awb-color5);--awb-circle-hover-accent-color:transparent;--awb-item-margin-bottom:40px;\" data-animationOffset=\"top-into-view\"><div style=\"--awb-backgroundcolor:var(--awb-color3);--awb-iconcolor:#268fef;\" class=\"fusion-column content-box-column content-box-column content-box-column-1 col-lg-12 col-md-12 col-sm-12 fusion-content-box-hover content-box-column-last content-box-column-last-in-row\"><div class=\"col content-box-wrapper content-wrapper-background link-area-link-icon icon-hover-animation-slide\" data-animationOffset=\"top-into-view\"><div class=\"heading icon-left\"><h2 class=\"content-box-heading fusion-responsive-typography-calculated\" style=\"--h2_typography-font-size:18px;--fontSize:18;line-height:var(--awb-typography1-line-height);\">Cadre m\u00e9thodologique<\/h2><\/div><div class=\"fusion-clearfix\"><\/div><div class=\"content-container\">\n<p><span style=\"color: #333333; font-size: 17px;\">Cette ressource vous aidera \u00e0 tirer le meilleur parti de notre plateforme, con\u00e7ue pour soutenir les personnes autistes, leurs familles et les professionnels. IDEAL Connect offre une mani\u00e8re unique de favoriser l&rsquo;apprentissage autonome et le d\u00e9veloppement personnel. <\/span><\/p>\n<\/div><\/div><\/div><div class=\"fusion-clearfix\"><\/div><\/div><div style=\"text-align:center;\"><a class=\"fusion-button button-flat fusion-button-default-size button-default fusion-button-default button-1 fusion-button-default-span fusion-button-default-type\" target=\"_blank\" rel=\"noopener noreferrer\" href=\"http:\/\/idealearning.eu\/wp-content\/uploads\/2025\/03\/IDEAL-CONNECT_Methodology-framework_EN_compressed.pdf\"><span class=\"fusion-button-text\">T\u00e9l\u00e9charger le mod\u00e8le m\u00e9thodologique (R2)<\/span><\/a><\/div><\/div><\/div><\/div><\/div>\n","protected":false},"excerpt":{"rendered":"","protected":false},"author":2,"featured_media":0,"parent":0,"menu_order":0,"comment_status":"closed","ping_status":"closed","template":"100-width.php","meta":{"footnotes":""},"class_list":["post-4292","page","type-page","status-publish","hentry"],"_links":{"self":[{"href":"https:\/\/idealearning.eu\/fr\/wp-json\/wp\/v2\/pages\/4292","targetHints":{"allow":["GET"]}}],"collection":[{"href":"https:\/\/idealearning.eu\/fr\/wp-json\/wp\/v2\/pages"}],"about":[{"href":"https:\/\/idealearning.eu\/fr\/wp-json\/wp\/v2\/types\/page"}],"author":[{"embeddable":true,"href":"https:\/\/idealearning.eu\/fr\/wp-json\/wp\/v2\/users\/2"}],"replies":[{"embeddable":true,"href":"https:\/\/idealearning.eu\/fr\/wp-json\/wp\/v2\/comments?post=4292"}],"version-history":[{"count":2,"href":"https:\/\/idealearning.eu\/fr\/wp-json\/wp\/v2\/pages\/4292\/revisions"}],"predecessor-version":[{"id":4294,"href":"https:\/\/idealearning.eu\/fr\/wp-json\/wp\/v2\/pages\/4292\/revisions\/4294"}],"wp:attachment":[{"href":"https:\/\/idealearning.eu\/fr\/wp-json\/wp\/v2\/media?parent=4292"}],"curies":[{"name":"wp","href":"https:\/\/api.w.org\/{rel}","templated":true}]}}