{"id":3583,"date":"2022-09-21T10:13:43","date_gmt":"2022-09-21T10:13:43","guid":{"rendered":"https:\/\/idealearning.eu\/o-projeto\/"},"modified":"2024-05-31T12:20:11","modified_gmt":"2024-05-31T12:20:11","slug":"o-projeto","status":"publish","type":"page","link":"https:\/\/idealearning.eu\/pt-pt\/o-projeto\/","title":{"rendered":"O projeto"},"content":{"rendered":"<div class=\"fusion-fullwidth fullwidth-box fusion-builder-row-1 fusion-flex-container nonhundred-percent-fullwidth non-hundred-percent-height-scrolling\" style=\"--awb-border-radius-top-left:0px;--awb-border-radius-top-right:0px;--awb-border-radius-bottom-right:0px;--awb-border-radius-bottom-left:0px;--awb-background-color:var(--awb-color2);--awb-flex-wrap:wrap;\" ><div class=\"fusion-builder-row fusion-row fusion-flex-align-items-flex-start fusion-flex-content-wrap\" style=\"max-width:1216.8px;margin-left: calc(-4% \/ 2 );margin-right: calc(-4% \/ 2 );\"><div class=\"fusion-layout-column fusion_builder_column fusion-builder-column-0 fusion_builder_column_1_1 1_1 fusion-flex-column\" style=\"--awb-bg-size:cover;--awb-width-large:100%;--awb-margin-top-large:0px;--awb-spacing-right-large:1.92%;--awb-margin-bottom-large:0px;--awb-spacing-left-large:1.92%;--awb-width-medium:100%;--awb-spacing-right-medium:1.92%;--awb-spacing-left-medium:1.92%;--awb-width-small:100%;--awb-spacing-right-small:1.92%;--awb-spacing-left-small:1.92%;\"><div class=\"fusion-column-wrapper fusion-flex-justify-content-flex-start fusion-content-layout-column\"><div class=\"fusion-text fusion-text-1\"><\/p>\n<div class=\"wp-block-genesis-blocks-gb-container gb-block-container\">\n<div class=\"gb-container-inside\">\n<div class=\"gb-container-content\">\n<h2 class=\"wp-block-heading\">O projeto<\/h2>\n<\/p>\n<div class=\"wp-block-genesis-blocks-gb-container gb-block-container\" style=\"background-color: #5396f2;\">\n<div class=\"gb-container-inside\">\n<div class=\"gb-container-content\">\n<p style=\"padding-left: 40px;\"><strong style=\"color: var(--awb-text-color); font-family: var(--awb-text-font-family); font-size: var(--awb-font-size); font-style: var(--awb-text-font-style); letter-spacing: var(--awb-letter-spacing); text-align: var(--awb-content-alignment); text-transform: var(--awb-text-transform);\"><mark class=\"has-inline-color\" style=\"color: #fdfdfd;\">O objetivo deste projeto \u00e9 facilitar o acesso das pessoas com autismo com n\u00edveis cognitivos mais baixos \u00e0s tecnologias digitais (especialmente durante a fase de transi\u00e7\u00e3o para a vida adulta) de modo a colmatar, uma lacuna digital j\u00e1 existente e que se agravou devido \u00e0 pandemia do COVID-19 e ao confinamento.<\/mark><\/strong><\/p>\n<\/p>\n<\/div>\n<\/div>\n<\/div>\n<\/div>\n<\/div>\n<\/div>\n<p><p>A pandemia e o consequente isolamento destacaram <strong style=\"color: var(--awb-color5);\">as grandes dificuldades que as pessoas com autismo com n\u00edveis cognitivos mais baixos t\u00eam no acesso \u00e0s tecnologias digitais.<\/strong> Enquanto alguns utilizadores conseguiram beneficiar de forma\u00e7\u00e3o, cuidados, apoio e acompanhamento online em casa, os exclu\u00eddos do acesso \u00e0s tecnologias digitais sofreram um isolamento adicional, uma desconex\u00e3o com os seus centros educativos e de cuidado e com os profissionais que lhes prestam cuidados e apoios (desde centros de dia, centros ocupacionais e\/ou de assist\u00eancia social). Consequentemente, a educa\u00e7\u00e3o e a forma\u00e7\u00e3o das pessoas autistas foram afetadas negativamente, o que se traduziu numa diminui\u00e7\u00e3o da qualidade de vida e do desenvolvimento pessoal das pessoas autistas e das suas fam\u00edlias, que ficaram sem apoio durante este per\u00edodo.<\/p>\n<p>Estas barreiras no acesso \u00e0s tecnologias digitais t\u00eam a sua origem (causas) em ferramentas pouco acess\u00edveis; falta de compet\u00eancias a n\u00edvel digital, tanto por parte dos professores como dos utilizadores com defici\u00eancia e das suas fam\u00edlias; metodologias pouco adaptadas; e falta de recursos tecnol\u00f3gicos. Mais concretamente, as ferramentas digitais s\u00e3o concebidas para a popula\u00e7\u00e3o em geral, sem ter em conta as necessidades das pessoas com autismo com n\u00edveis cognitivos mais baixos (n\u00edveis 1 e 2). <b style=\"color: var(--awb-color5);\">S\u00e3o necess\u00e1rias ferramentas adaptadas do ponto de vista cognitivo<\/b> que incorporem leitura f\u00e1cil, pictogramas e recursos gr\u00e1ficos.<\/p><\/p>\n<\/div><\/div><\/div><\/div><\/div>\n","protected":false},"excerpt":{"rendered":"","protected":false},"author":2,"featured_media":0,"parent":0,"menu_order":0,"comment_status":"closed","ping_status":"closed","template":"100-width.php","meta":{"footnotes":""},"class_list":["post-3583","page","type-page","status-publish","hentry"],"_links":{"self":[{"href":"https:\/\/idealearning.eu\/pt-pt\/wp-json\/wp\/v2\/pages\/3583","targetHints":{"allow":["GET"]}}],"collection":[{"href":"https:\/\/idealearning.eu\/pt-pt\/wp-json\/wp\/v2\/pages"}],"about":[{"href":"https:\/\/idealearning.eu\/pt-pt\/wp-json\/wp\/v2\/types\/page"}],"author":[{"embeddable":true,"href":"https:\/\/idealearning.eu\/pt-pt\/wp-json\/wp\/v2\/users\/2"}],"replies":[{"embeddable":true,"href":"https:\/\/idealearning.eu\/pt-pt\/wp-json\/wp\/v2\/comments?post=3583"}],"version-history":[{"count":3,"href":"https:\/\/idealearning.eu\/pt-pt\/wp-json\/wp\/v2\/pages\/3583\/revisions"}],"predecessor-version":[{"id":3589,"href":"https:\/\/idealearning.eu\/pt-pt\/wp-json\/wp\/v2\/pages\/3583\/revisions\/3589"}],"wp:attachment":[{"href":"https:\/\/idealearning.eu\/pt-pt\/wp-json\/wp\/v2\/media?parent=3583"}],"curies":[{"name":"wp","href":"https:\/\/api.w.org\/{rel}","templated":true}]}}