{"id":3940,"date":"2023-06-06T09:21:08","date_gmt":"2023-06-06T09:21:08","guid":{"rendered":"https:\/\/idealearning.eu\/rezultati\/"},"modified":"2024-07-02T18:16:13","modified_gmt":"2024-07-02T18:16:13","slug":"rezultati","status":"publish","type":"page","link":"https:\/\/idealearning.eu\/sr\/rezultati\/","title":{"rendered":"Rezultati"},"content":{"rendered":"<p><div class=\"fusion-fullwidth fullwidth-box fusion-builder-row-1 fusion-flex-container nonhundred-percent-fullwidth non-hundred-percent-height-scrolling\" style=\"--awb-border-radius-top-left:0px;--awb-border-radius-top-right:0px;--awb-border-radius-bottom-right:0px;--awb-border-radius-bottom-left:0px;--awb-padding-top:40px;--awb-padding-bottom:40px;--awb-background-color:var(--awb-color1);--awb-flex-wrap:wrap;\" ><div class=\"fusion-builder-row fusion-row fusion-flex-align-items-flex-start fusion-flex-content-wrap\" style=\"max-width:1216.8px;margin-left: calc(-4% \/ 2 );margin-right: calc(-4% \/ 2 );\"><div class=\"fusion-layout-column fusion_builder_column fusion-builder-column-0 fusion_builder_column_1_1 1_1 fusion-flex-column\" style=\"--awb-padding-top:40px;--awb-padding-right:60px;--awb-padding-bottom:40px;--awb-padding-left:60px;--awb-overflow:hidden;--awb-bg-color:var(--awb-custom1);--awb-bg-color-hover:var(--awb-custom1);--awb-bg-size:cover;--awb-border-color:var(--awb-color5);--awb-border-top:2px;--awb-border-right:2px;--awb-border-bottom:2px;--awb-border-left:2px;--awb-border-style:dashed;--awb-border-radius:10px 10px 10px 10px;--awb-transform:translateY(0px);--awb-transform-hover:translateY(5px);--awb-width-large:100%;--awb-margin-top-large:20px;--awb-spacing-right-large:1.92%;--awb-margin-bottom-large:0px;--awb-spacing-left-large:1.92%;--awb-width-medium:100%;--awb-order-medium:0;--awb-spacing-right-medium:1.92%;--awb-spacing-left-medium:1.92%;--awb-width-small:100%;--awb-order-small:0;--awb-spacing-right-small:1.92%;--awb-spacing-left-small:1.92%;\"><div class=\"fusion-column-wrapper fusion-column-has-shadow fusion-flex-justify-content-flex-start fusion-content-layout-column\"><div class=\"fusion-builder-row fusion-builder-row-inner fusion-row fusion-flex-align-items-flex-start fusion-flex-content-wrap\" style=\"width:104% !important;max-width:104% !important;margin-left: calc(-4% \/ 2 );margin-right: calc(-4% \/ 2 );\"><div class=\"fusion-layout-column fusion_builder_column_inner fusion-builder-nested-column-0 fusion_builder_column_inner_1_2 1_2 fusion-flex-column fusion-flex-align-self-center\" style=\"--awb-bg-size:cover;--awb-width-large:50%;--awb-margin-top-large:0px;--awb-spacing-right-large:3.84%;--awb-margin-bottom-large:0px;--awb-spacing-left-large:3.84%;--awb-width-medium:33.333333333333%;--awb-order-medium:0;--awb-spacing-right-medium:5.76%;--awb-spacing-left-medium:5.76%;--awb-width-small:100%;--awb-order-small:0;--awb-spacing-right-small:1.92%;--awb-spacing-left-small:1.92%;\"><div class=\"fusion-column-wrapper fusion-column-has-shadow fusion-flex-justify-content-flex-start fusion-content-layout-column\"><ul style=\"--awb-size:16px;--awb-iconcolor:var(--awb-color6);--awb-textcolor:var(--awb-color8);--awb-line-height:27.2px;--awb-icon-width:27.2px;--awb-icon-height:27.2px;--awb-icon-margin:11.2px;--awb-content-margin:38.4px;\" class=\"fusion-checklist fusion-checklist-1 fusion-checklist-default type-icons\"><li class=\"fusion-li-item\" style=\"\"><span class=\"icon-wrapper circle-no\"><i class=\"fusion-li-icon fa-mobile-alt fas\" aria-hidden=\"true\"><\/i><\/span><div class=\"fusion-li-item-content\">Vi\u0161e od 100 registrovanih aplikacija<\/div><\/li><li class=\"fusion-li-item\" style=\"\"><span class=\"icon-wrapper circle-no\"><i class=\"fusion-li-icon fa-user-friends fas\" aria-hidden=\"true\"><\/i><\/span><div class=\"fusion-li-item-content\">Alati za podr\u0161ku i pra\u0107enje<\/div><\/li><li class=\"fusion-li-item\" style=\"\"><span class=\"icon-wrapper circle-no\"><i class=\"fusion-li-icon fa-comments fas\" aria-hidden=\"true\"><\/i><\/span><div class=\"fusion-li-item-content\">Komunikacioni alati<\/div><\/li><li class=\"fusion-li-item\" style=\"\"><span class=\"icon-wrapper circle-no\"><i class=\"fusion-li-icon fa-id-card fas\" aria-hidden=\"true\"><\/i><\/span><div class=\"fusion-li-item-content\">Stru\u010dni i organizacioni profili<\/div><\/li><li class=\"fusion-li-item\" style=\"\"><span class=\"icon-wrapper circle-no\"><i class=\"fusion-li-icon fa-hands-helping fas\" aria-hidden=\"true\"><\/i><\/span><div class=\"fusion-li-item-content\">\n<p>Mogu\u0107nost doprinosa dodavanjem novih aplikacija<\/p>\n<\/div><\/li><\/ul><\/div><\/div><div class=\"fusion-layout-column fusion_builder_column_inner fusion-builder-nested-column-1 fusion_builder_column_inner_1_2 1_2 fusion-flex-column fusion-flex-align-self-center\" style=\"--awb-bg-size:cover;--awb-width-large:50%;--awb-margin-top-large:0px;--awb-spacing-right-large:3.84%;--awb-margin-bottom-large:0px;--awb-spacing-left-large:3.84%;--awb-width-medium:100%;--awb-order-medium:0;--awb-margin-top-medium:40px;--awb-spacing-right-medium:1.92%;--awb-spacing-left-medium:1.92%;--awb-width-small:100%;--awb-order-small:0;--awb-spacing-right-small:1.92%;--awb-spacing-left-small:1.92%;\"><div class=\"fusion-column-wrapper fusion-column-has-shadow fusion-flex-justify-content-flex-start fusion-content-layout-column\"><div style=\"text-align:center;\"><a class=\"fusion-button button-flat fusion-button-default-size button-custom fusion-button-default button-1 fusion-button-span-yes fusion-button-default-type\" style=\"--button_accent_color:var(--awb-color1);--button_border_color:var(--awb-color7);--button_accent_hover_color:var(--awb-color1);--button_border_hover_color:var(--awb-color5);--button_border_width-top:2px;--button_border_width-right:2px;--button_border_width-bottom:2px;--button_border_width-left:2px;--button-border-radius-top-left:100px;--button-border-radius-top-right:100px;--button-border-radius-bottom-right:100px;--button-border-radius-bottom-left:100px;--button_gradient_top_color:var(--awb-color7);--button_gradient_bottom_color:var(--awb-color7);--button_gradient_top_color_hover:var(--awb-color5);--button_gradient_bottom_color_hover:var(--awb-color5);--button_text_transform:var(--awb-typography3-text-transform);--button_font_size:var(--awb-typography3-font-size);--button_line_height:var(--awb-typography3-line-height);--button_padding-top:20px;--button_padding-bottom:20px;--button_typography-letter-spacing:var(--awb-typography3-letter-spacing);--button_typography-font-family:var(--awb-typography3-font-family);--button_typography-font-weight:var(--awb-typography3-font-weight);--button_typography-font-style:var(--awb-typography3-font-style);\" target=\"_self\" href=\"https:\/\/tools.idealearning.eu\/\"><span class=\"fusion-button-text\">Otkrijte IDEAL aplikaciju<\/span><\/a><\/div><\/div><\/div><\/div><\/div><\/div><\/div><\/div><div class=\"fusion-fullwidth fullwidth-box fusion-builder-row-2 fusion-flex-container nonhundred-percent-fullwidth non-hundred-percent-height-scrolling\" style=\"--awb-border-radius-top-left:0px;--awb-border-radius-top-right:0px;--awb-border-radius-bottom-right:0px;--awb-border-radius-bottom-left:0px;--awb-background-color:var(--awb-color2);--awb-flex-wrap:wrap;\" ><div class=\"fusion-builder-row fusion-row fusion-flex-align-items-flex-start fusion-flex-content-wrap\" style=\"max-width:1216.8px;margin-left: calc(-4% \/ 2 );margin-right: calc(-4% \/ 2 );\"><div class=\"fusion-layout-column fusion_builder_column fusion-builder-column-1 fusion_builder_column_1_1 1_1 fusion-flex-column\" style=\"--awb-bg-size:cover;--awb-width-large:100%;--awb-margin-top-large:0px;--awb-spacing-right-large:1.92%;--awb-margin-bottom-large:0px;--awb-spacing-left-large:1.92%;--awb-width-medium:100%;--awb-spacing-right-medium:1.92%;--awb-spacing-left-medium:1.92%;--awb-width-small:100%;--awb-spacing-right-small:1.92%;--awb-spacing-left-small:1.92%;\"><div class=\"fusion-column-wrapper fusion-flex-justify-content-flex-start fusion-content-layout-column\"><div class=\"fusion-image-element \" style=\"text-align:center;--awb-margin-top:10px;--awb-margin-bottom:30px;--awb-max-width:400px;--awb-caption-title-font-family:var(--h2_typography-font-family);--awb-caption-title-font-weight:var(--h2_typography-font-weight);--awb-caption-title-font-style:var(--h2_typography-font-style);--awb-caption-title-size:var(--h2_typography-font-size);--awb-caption-title-transform:var(--h2_typography-text-transform);--awb-caption-title-line-height:var(--h2_typography-line-height);--awb-caption-title-letter-spacing:var(--h2_typography-letter-spacing);\"><span class=\" fusion-imageframe imageframe-none imageframe-1 hover-type-none\"><img decoding=\"async\" width=\"500\" height=\"500\" title=\"formaci\u00f3n online\" src=\"data:image\/svg+xml,%3Csvg%20xmlns%3D%27http%3A%2F%2Fwww.w3.org%2F2000%2Fsvg%27%20width%3D%27500%27%20height%3D%27500%27%20viewBox%3D%270%200%20500%20500%27%3E%3Crect%20width%3D%27500%27%20height%3D%27500%27%20fill-opacity%3D%220%22%2F%3E%3C%2Fsvg%3E\" data-orig-src=\"http:\/\/idealearning.eu\/wp-content\/uploads\/2023\/10\/formacion-online.png\" alt class=\"lazyload img-responsive wp-image-2156\"\/><\/span><\/div><div class=\"fusion-content-boxes content-boxes columns row fusion-columns-1 fusion-columns-total-1 fusion-content-boxes-1 content-boxes-icon-with-title content-left\" style=\"--awb-backgroundcolor:#7a7a7a;--awb-border-radius-top-left:7px;--awb-border-radius-top-right:7px;--awb-border-radius-bottom-right:7px;--awb-border-radius-bottom-left:7px;--awb-hover-accent-color:var(--awb-color5);--awb-circle-hover-accent-color:transparent;--awb-item-margin-bottom:40px;\" data-animationOffset=\"top-into-view\"><div style=\"--awb-backgroundcolor:var(--awb-color3);\" class=\"fusion-column content-box-column content-box-column content-box-column-1 col-lg-12 col-md-12 col-sm-12 fusion-content-box-hover content-box-column-last content-box-column-last-in-row\"><div class=\"col content-box-wrapper content-wrapper-background link-area-box icon-hover-animation-slide\" data-animationOffset=\"top-into-view\"><div class=\"fusion-clearfix\"><\/div><div class=\"content-container\">\n<p><span style=\"color: #333333; font-size: 17px;\">Izazovi sa kojima se suo\u010davaju autisti\u010dni u\u010denici uklju\u010duju nedostupne digitalne alate, neadekvatne profesionalne ve\u0161tine, neodgovaraju\u0107e metodologije i ograni\u010dene tehnolo\u0161ke resurse. IDEAL planira da pokrene sistem za upravljanje u\u010denjem (LMS) koji \u0107e biti pristupa\u010dan i anga\u017euju\u0107i za korisnike sa kognitivnim problemima. Prilagodi\u0107e se individualnim potrebama, osna\u017euju\u0107i edukatore da prilagode platformu. S obzirom na ogroman niz digitalnih alata za autizam, platforma \u0107e tako\u0111e uklju\u010diti funkcionalnost za preporu\u010divanje najboljih alata za razli\u010dite oblasti \u017eivota za autisti\u010dne osobe na osnovu holisti\u010dkih procena, uklju\u010duju\u0107i upotrebljivost i metriku li\u010dne kompetencije.<\/span><\/p>\n<\/div><\/div><\/div><div class=\"fusion-clearfix\"><\/div><\/div><div class=\"fusion-image-element \" style=\"text-align:center;--awb-margin-top:10px;--awb-margin-bottom:30px;--awb-max-width:390px;--awb-caption-title-font-family:var(--h2_typography-font-family);--awb-caption-title-font-weight:var(--h2_typography-font-weight);--awb-caption-title-font-style:var(--h2_typography-font-style);--awb-caption-title-size:var(--h2_typography-font-size);--awb-caption-title-transform:var(--h2_typography-text-transform);--awb-caption-title-line-height:var(--h2_typography-line-height);--awb-caption-title-letter-spacing:var(--h2_typography-letter-spacing);\"><span class=\" fusion-imageframe imageframe-none imageframe-2 hover-type-none\"><img decoding=\"async\" width=\"500\" height=\"500\" title=\"instrucciones\" src=\"data:image\/svg+xml,%3Csvg%20xmlns%3D%27http%3A%2F%2Fwww.w3.org%2F2000%2Fsvg%27%20width%3D%27500%27%20height%3D%27500%27%20viewBox%3D%270%200%20500%20500%27%3E%3Crect%20width%3D%27500%27%20height%3D%27500%27%20fill-opacity%3D%220%22%2F%3E%3C%2Fsvg%3E\" data-orig-src=\"http:\/\/idealearning.eu\/wp-content\/uploads\/2023\/10\/instrucciones.png\" alt class=\"lazyload img-responsive wp-image-2155\"\/><\/span><\/div><div class=\"fusion-content-boxes content-boxes columns row fusion-columns-1 fusion-columns-total-1 fusion-content-boxes-2 content-boxes-icon-with-title content-left\" style=\"--awb-backgroundcolor:#7a7a7a;--awb-border-radius-top-left:7px;--awb-border-radius-top-right:7px;--awb-border-radius-bottom-right:7px;--awb-border-radius-bottom-left:7px;--awb-hover-accent-color:var(--awb-color5);--awb-circle-hover-accent-color:transparent;--awb-item-margin-bottom:40px;\" data-animationOffset=\"top-into-view\"><div style=\"--awb-backgroundcolor:var(--awb-color3);\" class=\"fusion-column content-box-column content-box-column content-box-column-1 col-lg-12 col-md-12 col-sm-12 fusion-content-box-hover content-box-column-last content-box-column-last-in-row\"><div class=\"col content-box-wrapper content-wrapper-background link-area-box icon-hover-animation-slide\" data-animationOffset=\"top-into-view\"><div class=\"fusion-clearfix\"><\/div><div class=\"content-container\"><span style=\"color: #333333; font-size: 17px;\">IDEAL ima za cilj da dizajnira razli\u010dite metodolo\u0161ke priru\u010dnike i podr\u0161ku za digitalnu obuku, za u\u010denike sa autizmom, porodice i stru\u010dnjake za radno osposobljavanje. Za osobe sa autizmom, projekat \u0107e kreirati priru\u010dnik o kori\u0161\u0107enju platforme, za porodice priru\u010dnik \u0107e biti kreiran i o kori\u0161\u0107enju platforme i o strategijama intervencije, a za profesionalce o personalizovanom dizajnu platforme. Primarni izazov su trenutne digitalne metodologije obuke, koje zanemaruju specifi\u010dne potrebe autisti\u010dnih osoba. Projekat \u0107e se tako\u0111e baviti rodnim razlikama kod autizma, nagla\u0161avaju\u0107i varijacije u kognitivnim i dru\u0161tvenim profilima. Inovativne karakteristike uklju\u010duju prilago\u0111ene resurse i u\u010de\u0161\u0107e korisnika u dizajnu, obezbe\u0111uju\u0107i prakti\u010dnu upotrebljivost. Razvojem ovih resursa na evropskom nivou, projekat ima za cilj da pro\u0161iri svoj uticaj i potencijal za \u0161iru primenu, \u010dak i na one sa intelektualnim invaliditetom.<\/span><\/div><\/div><\/div><div class=\"fusion-clearfix\"><\/div><\/div><\/div><\/div><\/div><\/div><\/p>\n","protected":false},"excerpt":{"rendered":"","protected":false},"author":2,"featured_media":0,"parent":0,"menu_order":0,"comment_status":"closed","ping_status":"closed","template":"100-width.php","meta":{"footnotes":""},"class_list":["post-3940","page","type-page","status-publish","hentry"],"_links":{"self":[{"href":"https:\/\/idealearning.eu\/sr\/wp-json\/wp\/v2\/pages\/3940","targetHints":{"allow":["GET"]}}],"collection":[{"href":"https:\/\/idealearning.eu\/sr\/wp-json\/wp\/v2\/pages"}],"about":[{"href":"https:\/\/idealearning.eu\/sr\/wp-json\/wp\/v2\/types\/page"}],"author":[{"embeddable":true,"href":"https:\/\/idealearning.eu\/sr\/wp-json\/wp\/v2\/users\/2"}],"replies":[{"embeddable":true,"href":"https:\/\/idealearning.eu\/sr\/wp-json\/wp\/v2\/comments?post=3940"}],"version-history":[{"count":2,"href":"https:\/\/idealearning.eu\/sr\/wp-json\/wp\/v2\/pages\/3940\/revisions"}],"predecessor-version":[{"id":3943,"href":"https:\/\/idealearning.eu\/sr\/wp-json\/wp\/v2\/pages\/3940\/revisions\/3943"}],"wp:attachment":[{"href":"https:\/\/idealearning.eu\/sr\/wp-json\/wp\/v2\/media?parent=3940"}],"curies":[{"name":"wp","href":"https:\/\/api.w.org\/{rel}","templated":true}]}}