{"id":3954,"date":"2022-09-21T10:13:43","date_gmt":"2022-09-21T10:13:43","guid":{"rendered":"https:\/\/idealearning.eu\/projekat\/"},"modified":"2024-07-02T18:33:04","modified_gmt":"2024-07-02T18:33:04","slug":"projekat","status":"publish","type":"page","link":"https:\/\/idealearning.eu\/sr\/projekat\/","title":{"rendered":"Projekat"},"content":{"rendered":"<div class=\"fusion-fullwidth fullwidth-box fusion-builder-row-1 fusion-flex-container nonhundred-percent-fullwidth non-hundred-percent-height-scrolling\" style=\"--awb-border-radius-top-left:0px;--awb-border-radius-top-right:0px;--awb-border-radius-bottom-right:0px;--awb-border-radius-bottom-left:0px;--awb-background-color:var(--awb-color2);--awb-flex-wrap:wrap;\" ><div class=\"fusion-builder-row fusion-row fusion-flex-align-items-flex-start fusion-flex-content-wrap\" style=\"max-width:1216.8px;margin-left: calc(-4% \/ 2 );margin-right: calc(-4% \/ 2 );\"><div class=\"fusion-layout-column fusion_builder_column fusion-builder-column-0 fusion_builder_column_1_1 1_1 fusion-flex-column\" style=\"--awb-bg-size:cover;--awb-width-large:100%;--awb-margin-top-large:0px;--awb-spacing-right-large:1.92%;--awb-margin-bottom-large:0px;--awb-spacing-left-large:1.92%;--awb-width-medium:100%;--awb-spacing-right-medium:1.92%;--awb-spacing-left-medium:1.92%;--awb-width-small:100%;--awb-spacing-right-small:1.92%;--awb-spacing-left-small:1.92%;\"><div class=\"fusion-column-wrapper fusion-flex-justify-content-flex-start fusion-content-layout-column\"><div class=\"fusion-text fusion-text-1\"><\/p>\n<div class=\"wp-block-genesis-blocks-gb-container gb-block-container\">\n<div class=\"gb-container-inside\">\n<div class=\"gb-container-content\">\n<h2 class=\"wp-block-heading\">Projekat.<\/h2>\n<\/p>\n<div class=\"wp-block-genesis-blocks-gb-container gb-block-container\" style=\"background-color: #5396f2;\">\n<div class=\"gb-container-inside\">\n<div class=\"gb-container-content\">\n<p style=\"padding-left: 40px;\"><strong style=\"color: var(--awb-text-color); font-family: var(--awb-text-font-family); font-size: var(--awb-font-size); font-style: var(--awb-text-font-style); letter-spacing: var(--awb-letter-spacing); text-align: var(--awb-content-alignment); text-transform: var(--awb-text-transform);\"><mark class=\"has-inline-color\" style=\"color: #fdfdfd;\">Cilj ovog projekta je da se autisti\u010dnim osobama sa razli\u010ditim nivoima potrebe za podr\u0161kom omogu\u0107i pristup digitalnim tehnologijama, suo\u010davaju\u0107i se sa ve\u0107 postoje\u0107im digitalnim jazom koji je pogor\u0161an pandemijom COVID-19 i njenim &#8222;lockdown&#8220; efektima.<\/mark><\/strong><\/p>\n<\/p>\n<\/div>\n<\/div>\n<\/div>\n<\/div>\n<\/div>\n<\/div>\n<p><p>Pandemija i &#8222;lockdown&#8220; koji je usledio istakli su <strong style=\"color: var(--awb-color5);\">pote\u0161ko\u0107e u pristupu digitalnim tehnologijama za autisti\u010dne osobe, posebno za one sa intelektualnim invaliditetom.<\/strong> Dok su neki korisnici mogli da imaju koristi od onlajn obuke, onlajn u\u010denja, brige, podr\u0161ke i pomo\u0107i, oni koji nemaju pristup digitalnim tehnologijama su dodatno izolovani i isklju\u010deni iz svojih obrazovnih centara i centara za brigu, i odse\u010deni od svojih pru\u017eaoca usluga. To je negativno uticalo na obrazovanje i obuku autisti\u010dnih osoba, \u0161to je rezultiralo ni\u017eim kvalitetom \u017eivota i li\u010dnim razvojem autisti\u010dnih osoba i njihovih porodica, koji su ostali bez podr\u0161ke tokom ovog perioda.<\/p>\n<p>Nedostupnost odre\u0111enih digitalnih tehnologija za neke je zasnovana na \u010dinjenici da sami alati nisu dovoljno dostupni, nedostatku obuke (za nastavnike, osobe sa invaliditetom i njihove porodice), lo\u0161e prilago\u0111enim metodologijama kao i nedostatku tehnolo\u0161kih resursa. Ta\u010dnije, digitalni alati su dizajnirani za op\u0161tu populaciju, ne uzimaju\u0107i u obzir potrebe pristupa\u010dnosti autisti\u010dnih osoba.<b style=\"color: var(--awb-color5);\">Digitalne alate treba prilagoditi iz kognitivne perspektive, <\/b>uklju\u010duju\u0107i materijale koji se lako \u010ditaju, piktograme i grafi\u010dke resurse.<\/p><\/p>\n<\/div><\/div><\/div><\/div><\/div>\n","protected":false},"excerpt":{"rendered":"","protected":false},"author":2,"featured_media":0,"parent":0,"menu_order":0,"comment_status":"closed","ping_status":"closed","template":"100-width.php","meta":{"footnotes":""},"class_list":["post-3954","page","type-page","status-publish","hentry"],"_links":{"self":[{"href":"https:\/\/idealearning.eu\/sr\/wp-json\/wp\/v2\/pages\/3954","targetHints":{"allow":["GET"]}}],"collection":[{"href":"https:\/\/idealearning.eu\/sr\/wp-json\/wp\/v2\/pages"}],"about":[{"href":"https:\/\/idealearning.eu\/sr\/wp-json\/wp\/v2\/types\/page"}],"author":[{"embeddable":true,"href":"https:\/\/idealearning.eu\/sr\/wp-json\/wp\/v2\/users\/2"}],"replies":[{"embeddable":true,"href":"https:\/\/idealearning.eu\/sr\/wp-json\/wp\/v2\/comments?post=3954"}],"version-history":[{"count":1,"href":"https:\/\/idealearning.eu\/sr\/wp-json\/wp\/v2\/pages\/3954\/revisions"}],"predecessor-version":[{"id":3955,"href":"https:\/\/idealearning.eu\/sr\/wp-json\/wp\/v2\/pages\/3954\/revisions\/3955"}],"wp:attachment":[{"href":"https:\/\/idealearning.eu\/sr\/wp-json\/wp\/v2\/media?parent=3954"}],"curies":[{"name":"wp","href":"https:\/\/api.w.org\/{rel}","templated":true}]}}